{"id":51,"date":"2023-12-03T22:02:48","date_gmt":"2023-12-03T21:02:48","guid":{"rendered":"https:\/\/apca-asso.ovh\/?page_id=51"},"modified":"2024-11-01T16:39:47","modified_gmt":"2024-11-01T15:39:47","slug":"espace-adherents","status":"publish","type":"page","link":"https:\/\/apca-asso.ovh\/index.php\/espace-adherents\/","title":{"rendered":"Espace adh\u00e9rents"},"content":{"rendered":"<p>Pour acc\u00e9der \u00e0 l&#8217;espace adh\u00e9rents, veuillez saisir votre login et votre mot de passe :<\/p>\n<p>\t\t\tVeuillez s\u00e9lectionner un formulaire valide<\/p>\n","protected":false},"excerpt":{"rendered":"<p>Pour acc\u00e9der \u00e0 l&#8217;espace adh\u00e9rents, veuillez saisir votre login et votre mot de passe : Veuillez s\u00e9lectionner un formulaire valide<\/p>\n","protected":false},"author":1,"featured_media":0,"parent":0,"menu_order":0,"comment_status":"closed","ping_status":"closed","template":"","meta":{"footnotes":""},"class_list":["post-51","page","type-page","status-publish","hentry"],"yoast_head":"<!-- This site is optimized with the Yoast SEO plugin v25.1 - https:\/\/yoast.com\/wordpress\/plugins\/seo\/ -->\n<title>Espace adh\u00e9rents - Association de Protection de la C\u00f4te d&#039;Alb\u00e2tre<\/title>\n<meta name=\"robots\" content=\"index, follow, max-snippet:-1, max-image-preview:large, max-video-preview:-1\" \/>\n<link rel=\"canonical\" href=\"https:\/\/apca-asso.ovh\/index.php\/espace-adherents\/\" \/>\n<meta property=\"og:locale\" content=\"en_US\" \/>\n<meta property=\"og:type\" content=\"article\" \/>\n<meta property=\"og:title\" content=\"Espace adh\u00e9rents - Association de Protection de la C\u00f4te d&#039;Alb\u00e2tre\" \/>\n<meta property=\"og:description\" content=\"Pour acc\u00e9der \u00e0 l&#8217;espace adh\u00e9rents, veuillez saisir votre login et votre mot de passe : Veuillez s\u00e9lectionner un formulaire valide\" \/>\n<meta property=\"og:url\" content=\"https:\/\/apca-asso.ovh\/index.php\/espace-adherents\/\" \/>\n<meta property=\"og:site_name\" content=\"Association de Protection de la C\u00f4te d&#039;Alb\u00e2tre\" \/>\n<meta property=\"article:modified_time\" content=\"2024-11-01T15:39:47+00:00\" \/>\n<meta name=\"twitter:card\" content=\"summary_large_image\" \/>\n<meta name=\"twitter:label1\" content=\"Est. reading time\" \/>\n\t<meta name=\"twitter:data1\" content=\"1 minute\" \/>\n<script type=\"application\/ld+json\" class=\"yoast-schema-graph\">{\"@context\":\"https:\/\/schema.org\",\"@graph\":[{\"@type\":\"WebPage\",\"@id\":\"https:\/\/apca-asso.ovh\/index.php\/espace-adherents\/\",\"url\":\"https:\/\/apca-asso.ovh\/index.php\/espace-adherents\/\",\"name\":\"Espace adh\u00e9rents - Association de Protection de la C\u00f4te d&#039;Alb\u00e2tre\",\"isPartOf\":{\"@id\":\"https:\/\/apca-asso.ovh\/#website\"},\"datePublished\":\"2023-12-03T21:02:48+00:00\",\"dateModified\":\"2024-11-01T15:39:47+00:00\",\"breadcrumb\":{\"@id\":\"https:\/\/apca-asso.ovh\/index.php\/espace-adherents\/#breadcrumb\"},\"inLanguage\":\"en-US\",\"potentialAction\":[{\"@type\":\"ReadAction\",\"target\":[\"https:\/\/apca-asso.ovh\/index.php\/espace-adherents\/\"]}]},{\"@type\":\"BreadcrumbList\",\"@id\":\"https:\/\/apca-asso.ovh\/index.php\/espace-adherents\/#breadcrumb\",\"itemListElement\":[{\"@type\":\"ListItem\",\"position\":1,\"name\":\"Accueil\",\"item\":\"https:\/\/apca-asso.ovh\/\"},{\"@type\":\"ListItem\",\"position\":2,\"name\":\"Espace adh\u00e9rents\"}]},{\"@type\":\"WebSite\",\"@id\":\"https:\/\/apca-asso.ovh\/#website\",\"url\":\"https:\/\/apca-asso.ovh\/\",\"name\":\"Association de Protection de la C\u00f4te d&#039;Alb\u00e2tre\",\"description\":\"Un site utilisant WordPress\",\"publisher\":{\"@id\":\"https:\/\/apca-asso.ovh\/#organization\"},\"potentialAction\":[{\"@type\":\"SearchAction\",\"target\":{\"@type\":\"EntryPoint\",\"urlTemplate\":\"https:\/\/apca-asso.ovh\/?s={search_term_string}\"},\"query-input\":{\"@type\":\"PropertyValueSpecification\",\"valueRequired\":true,\"valueName\":\"search_term_string\"}}],\"inLanguage\":\"en-US\"},{\"@type\":\"Organization\",\"@id\":\"https:\/\/apca-asso.ovh\/#organization\",\"name\":\"Association de Protection de la C\u00f4te d&#039;Alb\u00e2tre\",\"url\":\"https:\/\/apca-asso.ovh\/\",\"logo\":{\"@type\":\"ImageObject\",\"inLanguage\":\"en-US\",\"@id\":\"https:\/\/apca-asso.ovh\/#\/schema\/logo\/image\/\",\"url\":\"https:\/\/apca-asso.ovh\/wp-content\/uploads\/2023\/12\/cropped-logo-web.jpg\",\"contentUrl\":\"https:\/\/apca-asso.ovh\/wp-content\/uploads\/2023\/12\/cropped-logo-web.jpg\",\"width\":500,\"height\":192,\"caption\":\"Association de Protection de la C\u00f4te d&#039;Alb\u00e2tre\"},\"image\":{\"@id\":\"https:\/\/apca-asso.ovh\/#\/schema\/logo\/image\/\"}}]}<\/script>\n<!-- \/ Yoast SEO plugin. -->","yoast_head_json":{"title":"Espace adh\u00e9rents - Association de Protection de la C\u00f4te d&#039;Alb\u00e2tre","robots":{"index":"index","follow":"follow","max-snippet":"max-snippet:-1","max-image-preview":"max-image-preview:large","max-video-preview":"max-video-preview:-1"},"canonical":"https:\/\/apca-asso.ovh\/index.php\/espace-adherents\/","og_locale":"en_US","og_type":"article","og_title":"Espace adh\u00e9rents - Association de Protection de la C\u00f4te d&#039;Alb\u00e2tre","og_description":"Pour acc\u00e9der \u00e0 l&#8217;espace adh\u00e9rents, veuillez saisir votre login et votre mot de passe : Veuillez s\u00e9lectionner un formulaire valide","og_url":"https:\/\/apca-asso.ovh\/index.php\/espace-adherents\/","og_site_name":"Association de Protection de la C\u00f4te d&#039;Alb\u00e2tre","article_modified_time":"2024-11-01T15:39:47+00:00","twitter_card":"summary_large_image","twitter_misc":{"Est. reading time":"1 minute"},"schema":{"@context":"https:\/\/schema.org","@graph":[{"@type":"WebPage","@id":"https:\/\/apca-asso.ovh\/index.php\/espace-adherents\/","url":"https:\/\/apca-asso.ovh\/index.php\/espace-adherents\/","name":"Espace adh\u00e9rents - Association de Protection de la C\u00f4te d&#039;Alb\u00e2tre","isPartOf":{"@id":"https:\/\/apca-asso.ovh\/#website"},"datePublished":"2023-12-03T21:02:48+00:00","dateModified":"2024-11-01T15:39:47+00:00","breadcrumb":{"@id":"https:\/\/apca-asso.ovh\/index.php\/espace-adherents\/#breadcrumb"},"inLanguage":"en-US","potentialAction":[{"@type":"ReadAction","target":["https:\/\/apca-asso.ovh\/index.php\/espace-adherents\/"]}]},{"@type":"BreadcrumbList","@id":"https:\/\/apca-asso.ovh\/index.php\/espace-adherents\/#breadcrumb","itemListElement":[{"@type":"ListItem","position":1,"name":"Accueil","item":"https:\/\/apca-asso.ovh\/"},{"@type":"ListItem","position":2,"name":"Espace adh\u00e9rents"}]},{"@type":"WebSite","@id":"https:\/\/apca-asso.ovh\/#website","url":"https:\/\/apca-asso.ovh\/","name":"Association de Protection de la C\u00f4te d&#039;Alb\u00e2tre","description":"Un site utilisant WordPress","publisher":{"@id":"https:\/\/apca-asso.ovh\/#organization"},"potentialAction":[{"@type":"SearchAction","target":{"@type":"EntryPoint","urlTemplate":"https:\/\/apca-asso.ovh\/?s={search_term_string}"},"query-input":{"@type":"PropertyValueSpecification","valueRequired":true,"valueName":"search_term_string"}}],"inLanguage":"en-US"},{"@type":"Organization","@id":"https:\/\/apca-asso.ovh\/#organization","name":"Association de Protection de la C\u00f4te d&#039;Alb\u00e2tre","url":"https:\/\/apca-asso.ovh\/","logo":{"@type":"ImageObject","inLanguage":"en-US","@id":"https:\/\/apca-asso.ovh\/#\/schema\/logo\/image\/","url":"https:\/\/apca-asso.ovh\/wp-content\/uploads\/2023\/12\/cropped-logo-web.jpg","contentUrl":"https:\/\/apca-asso.ovh\/wp-content\/uploads\/2023\/12\/cropped-logo-web.jpg","width":500,"height":192,"caption":"Association de Protection de la C\u00f4te d&#039;Alb\u00e2tre"},"image":{"@id":"https:\/\/apca-asso.ovh\/#\/schema\/logo\/image\/"}}]}},"_links":{"self":[{"href":"https:\/\/apca-asso.ovh\/index.php\/wp-json\/wp\/v2\/pages\/51","targetHints":{"allow":["GET"]}}],"collection":[{"href":"https:\/\/apca-asso.ovh\/index.php\/wp-json\/wp\/v2\/pages"}],"about":[{"href":"https:\/\/apca-asso.ovh\/index.php\/wp-json\/wp\/v2\/types\/page"}],"author":[{"embeddable":true,"href":"https:\/\/apca-asso.ovh\/index.php\/wp-json\/wp\/v2\/users\/1"}],"replies":[{"embeddable":true,"href":"https:\/\/apca-asso.ovh\/index.php\/wp-json\/wp\/v2\/comments?post=51"}],"version-history":[{"count":16,"href":"https:\/\/apca-asso.ovh\/index.php\/wp-json\/wp\/v2\/pages\/51\/revisions"}],"predecessor-version":[{"id":69,"href":"https:\/\/apca-asso.ovh\/index.php\/wp-json\/wp\/v2\/pages\/51\/revisions\/69"}],"wp:attachment":[{"href":"https:\/\/apca-asso.ovh\/index.php\/wp-json\/wp\/v2\/media?parent=51"}],"curies":[{"name":"wp","href":"https:\/\/api.w.org\/{rel}","templated":true}]}}